{"id":91,"date":"2021-04-12T13:54:02","date_gmt":"2021-04-12T11:54:02","guid":{"rendered":"https:\/\/mscakovice2.cz\/treboradice\/?page_id=91"},"modified":"2026-02-10T11:55:40","modified_gmt":"2026-02-10T10:55:40","slug":"zapis","status":"publish","type":"page","link":"https:\/\/mscakovice2.cz\/treboradice\/zapis\/","title":{"rendered":"Z\u00e1pis"},"content":{"rendered":"<p><a href=\"https:\/\/mscakovice2.cz\/treboradice\/wp-content\/uploads\/sites\/2\/2026\/02\/Vyhlaseni-prijimaciho-rizeni-do-Materske-skoly-Cakovice-II.docx\">Vyhl\u00e1\u0161en\u00ed p\u0159ij\u00edmac\u00edho \u0159\u00edzen\u00ed do Mate\u0159sk\u00e9 \u0161koly \u010cakovice II<\/a><\/p>\n<p>&nbsp;<\/p>\n<p>&nbsp;<\/p>\n<p>&nbsp;<\/p>\n<p>&nbsp;<\/p>\n","protected":false},"excerpt":{"rendered":"<p>Vyhl\u00e1\u0161en\u00ed p\u0159ij\u00edmac\u00edho \u0159\u00edzen\u00ed do Mate\u0159sk\u00e9 \u0161koly \u010cakovice II &nbsp; &nbsp; &nbsp; &nbsp;<\/p>\n","protected":false},"author":3,"featured_media":0,"parent":0,"menu_order":0,"comment_status":"closed","ping_status":"closed","template":"","meta":[],"_links":{"self":[{"href":"https:\/\/mscakovice2.cz\/treboradice\/wp-json\/wp\/v2\/pages\/91"}],"collection":[{"href":"https:\/\/mscakovice2.cz\/treboradice\/wp-json\/wp\/v2\/pages"}],"about":[{"href":"https:\/\/mscakovice2.cz\/treboradice\/wp-json\/wp\/v2\/types\/page"}],"author":[{"embeddable":true,"href":"https:\/\/mscakovice2.cz\/treboradice\/wp-json\/wp\/v2\/users\/3"}],"replies":[{"embeddable":true,"href":"https:\/\/mscakovice2.cz\/treboradice\/wp-json\/wp\/v2\/comments?post=91"}],"version-history":[{"count":10,"href":"https:\/\/mscakovice2.cz\/treboradice\/wp-json\/wp\/v2\/pages\/91\/revisions"}],"predecessor-version":[{"id":2562,"href":"https:\/\/mscakovice2.cz\/treboradice\/wp-json\/wp\/v2\/pages\/91\/revisions\/2562"}],"wp:attachment":[{"href":"https:\/\/mscakovice2.cz\/treboradice\/wp-json\/wp\/v2\/media?parent=91"}],"curies":[{"name":"wp","href":"https:\/\/api.w.org\/{rel}","templated":true}]}}