{"id":9,"date":"2021-04-02T12:57:21","date_gmt":"2021-04-02T10:57:21","guid":{"rendered":"https:\/\/mscakovice2.cz\/treboradice\/?page_id=9"},"modified":"2021-04-19T11:47:10","modified_gmt":"2021-04-19T09:47:10","slug":"o-nas","status":"publish","type":"page","link":"https:\/\/mscakovice2.cz\/treboradice\/o-nas\/","title":{"rendered":"O n\u00e1s"},"content":{"rendered":"<h1>O n\u00e1s<\/h1>\n<h1><img loading=\"lazy\" class=\"alignnone wp-image-10\" style=\"color: #333333;font-size: 16px\" src=\"https:\/\/mscakovice2.cz\/treboradice\/wp-content\/uploads\/sites\/2\/2021\/04\/treboradice-budova-300x117.png\" alt=\"\" width=\"359\" height=\"140\" srcset=\"https:\/\/mscakovice2.cz\/treboradice\/wp-content\/uploads\/sites\/2\/2021\/04\/treboradice-budova-300x117.png 300w, https:\/\/mscakovice2.cz\/treboradice\/wp-content\/uploads\/sites\/2\/2021\/04\/treboradice-budova-1024x399.png 1024w, https:\/\/mscakovice2.cz\/treboradice\/wp-content\/uploads\/sites\/2\/2021\/04\/treboradice-budova-768x299.png 768w, https:\/\/mscakovice2.cz\/treboradice\/wp-content\/uploads\/sites\/2\/2021\/04\/treboradice-budova-1536x598.png 1536w, https:\/\/mscakovice2.cz\/treboradice\/wp-content\/uploads\/sites\/2\/2021\/04\/treboradice-budova-2048x798.png 2048w\" sizes=\"(max-width: 359px) 100vw, 359px\" \/><\/h1>\n<p>Mate\u0159sk\u00e1 \u0161kola \u010cakovice II je p\u0159\u00edsp\u011bvkov\u00e1 organizace, kterou z\u0159izuje m\u011bstsk\u00e1 \u010d\u00e1st Praha \u2013 \u010cakovice.<\/p>\n<p>Tento pr\u00e1vn\u00ed subjekt tvo\u0159\u00ed M\u0160 T\u0159eboradice, Slaviborsk\u00e9 n\u00e1m\u011bst\u00ed 21 a M\u0160 Mi\u0161kovice, Tuh\u00e1\u0148sk\u00e1 4, slou\u010den\u00e9 v\u00a0roce 2003.<\/p>\n<p>Ob\u011b \u0161koly se svou velikost\u00ed a p\u0159\u00edstupem k\u00a0d\u011btem profiluj\u00ed jako \u0161koly rodinn\u00e9ho typu, inklinuj\u00edc\u00ed zejm\u00e9na k\u00a0p\u0159\u00edrod\u011b a environment\u00e1ln\u00ed v\u00fdchov\u011b.<\/p>\n<p>Kmenov\u00e1 M\u0160 T\u0159eboradice je dvout\u0159\u00eddn\u00ed (heterogenn\u00ed-sm\u00ed\u0161en\u00e1), 240 let star\u00e1 budova s rozlehlou, nov\u011b zrevitalizovanou zahradou, kter\u00e1 se pro n\u00e1s stala st\u0159edem v\u0161eho d\u011bn\u00ed v\u00a0M\u0160 a z\u00e1rove\u0148 m\u00edstem setk\u00e1v\u00e1n\u00ed d\u011bt\u00ed, dosp\u011bl\u00fdch i n\u00e1v\u0161t\u011bvn\u00edk\u016f z\u00a0okol\u00ed. Nach\u00e1z\u00ed se v\u00a0poklidn\u00e9 \u010d\u00e1sti Prahy 9 T\u0159eboradic\u00edch.<\/p>\n<p>V\u00a0M\u0160 pracuj\u00ed kvalifikovan\u00e9 u\u010ditelky, kter\u00e9 si pr\u016fb\u011b\u017en\u011b, v\u00a0r\u00e1mci DVPP, dopl\u0148uj\u00ed vzd\u011bl\u00e1v\u00e1n\u00ed v r\u00e1mci\u00a0akreditovan\u00fdch kurs\u016f a instituc\u00ed.<\/p>\n","protected":false},"excerpt":{"rendered":"<p>O n\u00e1s Mate\u0159sk\u00e1 \u0161kola \u010cakovice II je p\u0159\u00edsp\u011bvkov\u00e1 organizace, kterou z\u0159izuje m\u011bstsk\u00e1 \u010d\u00e1st Praha \u2013 \u010cakovice. Tento pr\u00e1vn\u00ed subjekt tvo\u0159\u00ed M\u0160 T\u0159eboradice, Slaviborsk\u00e9 n\u00e1m\u011bst\u00ed 21 a M\u0160 Mi\u0161kovice, Tuh\u00e1\u0148sk\u00e1 4, slou\u010den\u00e9 v\u00a0roce 2003. Ob\u011b \u0161koly se svou velikost\u00ed a p\u0159\u00edstupem k\u00a0d\u011btem profiluj\u00ed jako \u0161koly rodinn\u00e9ho typu, inklinuj\u00edc\u00ed zejm\u00e9na k\u00a0p\u0159\u00edrod\u011b a environment\u00e1ln\u00ed v\u00fdchov\u011b. Kmenov\u00e1 M\u0160 T\u0159eboradice [&hellip;]<\/p>\n","protected":false},"author":3,"featured_media":0,"parent":0,"menu_order":0,"comment_status":"closed","ping_status":"closed","template":"","meta":[],"_links":{"self":[{"href":"https:\/\/mscakovice2.cz\/treboradice\/wp-json\/wp\/v2\/pages\/9"}],"collection":[{"href":"https:\/\/mscakovice2.cz\/treboradice\/wp-json\/wp\/v2\/pages"}],"about":[{"href":"https:\/\/mscakovice2.cz\/treboradice\/wp-json\/wp\/v2\/types\/page"}],"author":[{"embeddable":true,"href":"https:\/\/mscakovice2.cz\/treboradice\/wp-json\/wp\/v2\/users\/3"}],"replies":[{"embeddable":true,"href":"https:\/\/mscakovice2.cz\/treboradice\/wp-json\/wp\/v2\/comments?post=9"}],"version-history":[{"count":2,"href":"https:\/\/mscakovice2.cz\/treboradice\/wp-json\/wp\/v2\/pages\/9\/revisions"}],"predecessor-version":[{"id":109,"href":"https:\/\/mscakovice2.cz\/treboradice\/wp-json\/wp\/v2\/pages\/9\/revisions\/109"}],"wp:attachment":[{"href":"https:\/\/mscakovice2.cz\/treboradice\/wp-json\/wp\/v2\/media?parent=9"}],"curies":[{"name":"wp","href":"https:\/\/api.w.org\/{rel}","templated":true}]}}