{"id":76,"date":"2021-04-12T11:54:25","date_gmt":"2021-04-12T09:54:25","guid":{"rendered":"https:\/\/mscakovice2.cz\/treboradice\/?page_id=76"},"modified":"2025-01-16T13:57:59","modified_gmt":"2025-01-16T12:57:59","slug":"kontakty","status":"publish","type":"page","link":"https:\/\/mscakovice2.cz\/treboradice\/kontakty\/","title":{"rendered":"Kontakty"},"content":{"rendered":"<h1>Kontakty<\/h1>\n<p><strong>ADRESA:<\/strong> Slaviborsk\u00e9 n\u00e1m\u011bst\u00ed 21, Praha 9 T\u0159eboradice<\/p>\n<p>&nbsp;<\/p>\n<p><strong>Telefon omluvy (je\u017eci + veverky)<\/strong><\/p>\n<p>+420 733 527 840 (omluvy)<\/p>\n<p>&nbsp;<\/p>\n<p><strong>\u0158editelka M\u0160 : Iveta Kudrnov\u00e1<\/strong><\/p>\n<p>Telefon : +420 737 391 355<\/p>\n<p>Email : ms.cako2@seznam.cz<\/p>\n<p>&nbsp;<\/p>\n<p><strong>J\u00eddelna M\u0160\u00a0<\/strong><\/p>\n<p>Vedouc\u00ed : Martina \u0158eh\u00e1kov\u00e1<\/p>\n<p>Telefon : +420 727 837 200<\/p>\n<p>Email : jidelna.mscako2@seznam.cz<\/p>\n<p>&nbsp;<\/p>\n<p>Datov\u00e1 schr\u00e1nka : dttkpw9<\/p>\n<p>&nbsp;<\/p>\n<p><strong>\u00da\u010cET M\u0160 (\u0161koln\u00e9 + stravn\u00e9):<\/strong><br \/>\n250110309\/5500<\/p>\n<p><strong>FOND KULTURY:<\/strong><br \/>\n4320775073\/0800<\/p>\n<p><strong>Provozn\u00ed doba:<\/strong><\/p>\n<p>POND\u011aL\u00cd \u2013 P\u00c1TEK &#8211; 7:00 \u2013 17:00<\/p>\n<p>&nbsp;<\/p>\n<p>Pov\u011b\u0159enec GDPR : Mgr. Ivan Chytil<\/p>\n<p>&nbsp;<\/p>\n","protected":false},"excerpt":{"rendered":"<p>Kontakty ADRESA: Slaviborsk\u00e9 n\u00e1m\u011bst\u00ed 21, Praha 9 T\u0159eboradice &nbsp; Telefon omluvy (je\u017eci + veverky) +420 733 527 840 (omluvy) &nbsp; \u0158editelka M\u0160 : Iveta Kudrnov\u00e1 Telefon : +420 737 391 355 Email : ms.cako2@seznam.cz &nbsp; J\u00eddelna M\u0160\u00a0 Vedouc\u00ed : Martina \u0158eh\u00e1kov\u00e1 Telefon : +420 727 837 200 Email : jidelna.mscako2@seznam.cz &nbsp; Datov\u00e1 schr\u00e1nka : dttkpw9 [&hellip;]<\/p>\n","protected":false},"author":3,"featured_media":0,"parent":0,"menu_order":0,"comment_status":"closed","ping_status":"closed","template":"","meta":[],"_links":{"self":[{"href":"https:\/\/mscakovice2.cz\/treboradice\/wp-json\/wp\/v2\/pages\/76"}],"collection":[{"href":"https:\/\/mscakovice2.cz\/treboradice\/wp-json\/wp\/v2\/pages"}],"about":[{"href":"https:\/\/mscakovice2.cz\/treboradice\/wp-json\/wp\/v2\/types\/page"}],"author":[{"embeddable":true,"href":"https:\/\/mscakovice2.cz\/treboradice\/wp-json\/wp\/v2\/users\/3"}],"replies":[{"embeddable":true,"href":"https:\/\/mscakovice2.cz\/treboradice\/wp-json\/wp\/v2\/comments?post=76"}],"version-history":[{"count":10,"href":"https:\/\/mscakovice2.cz\/treboradice\/wp-json\/wp\/v2\/pages\/76\/revisions"}],"predecessor-version":[{"id":2330,"href":"https:\/\/mscakovice2.cz\/treboradice\/wp-json\/wp\/v2\/pages\/76\/revisions\/2330"}],"wp:attachment":[{"href":"https:\/\/mscakovice2.cz\/treboradice\/wp-json\/wp\/v2\/media?parent=76"}],"curies":[{"name":"wp","href":"https:\/\/api.w.org\/{rel}","templated":true}]}}