{"id":59,"date":"2021-04-12T11:48:40","date_gmt":"2021-04-12T09:48:40","guid":{"rendered":"https:\/\/mscakovice2.cz\/treboradice\/?page_id=59"},"modified":"2025-08-29T10:28:27","modified_gmt":"2025-08-29T08:28:27","slug":"dokumenty","status":"publish","type":"page","link":"https:\/\/mscakovice2.cz\/treboradice\/dokumenty\/","title":{"rendered":"Dokumenty"},"content":{"rendered":"<h1>Dokumenty:<\/h1>\n<h2>Z\u00e1kladn\u00ed:<\/h2>\n<ul>\n<li><a href=\"https:\/\/mscakovice2.cz\/treboradice\/wp-content\/uploads\/sites\/2\/2021\/04\/S\u030cVP-20-21-na\u0301vrh-r\u030ced..doc\">S\u030cVP 2020\/2021<\/a><\/li>\n<li><a href=\"https:\/\/mscakovice2.cz\/treboradice\/wp-content\/uploads\/sites\/2\/2025\/01\/Skolni-rad-T.-2024-25.pdf\">\u0160koln\u00ed \u0159\u00e1d T. 2024-25<\/a><\/li>\n<\/ul>\n<h2>Stravov\u00e1n\u00ed:<\/h2>\n<ul>\n<li><a href=\"https:\/\/mscakovice2.cz\/treboradice\/wp-content\/uploads\/sites\/2\/2021\/04\/informace-o-alergenech-na-jidelnim-listku-SJ.pdf\">Informace o alergenech &#8211; \u0160J \u010cakovice2<\/a><\/li>\n<li><a href=\"https:\/\/mscakovice2.cz\/treboradice\/wp-content\/uploads\/sites\/2\/2025\/08\/2025-2026-Vnitrni-rad-SJ-od-1.9.2025-1.pdf\">2025-2026 Vnit\u0159n\u00ed \u0159\u00e1d \u0160J od 1.9.2025<\/a><\/li>\n<\/ul>\n<h2><\/h2>\n<h2><\/h2>\n<p>&nbsp;<\/p>\n<p><a href=\"https:\/\/www.elektronickypredzapis.cz\/materska-skola\/cakovice2\" target=\"_blank\" rel=\"noopener\">www.elektronickypredzapis.cz\/materska-skola\/cakovice2<\/a><\/p>\n<p><span data-ccp-props=\"{}\">\u00a0<\/span><\/p>\n<p><span data-ccp-props=\"{&quot;335551550&quot;:6,&quot;335551620&quot;:6}\">\u00a0<\/span><\/p>\n<p><span data-ccp-props=\"{}\">\u00a0<\/span><\/p>\n<p><span data-ccp-props=\"{}\">\u00a0<\/span><\/p>\n<p><span data-ccp-props=\"{}\">\u00a0<\/span><\/p>\n<p><span data-ccp-props=\"{&quot;335551550&quot;:6,&quot;335551620&quot;:6}\">\u00a0<\/span><\/p>\n<p><span data-ccp-props=\"{&quot;335551550&quot;:6,&quot;335551620&quot;:6}\">\u00a0<\/span><\/p>\n<p><span data-ccp-props=\"{}\">\u00a0<\/span><\/p>\n<p><span data-ccp-props=\"{}\">\u00a0<\/span><\/p>\n<p><span data-ccp-props=\"{}\">\u00a0<\/span><\/p>\n<p><span data-ccp-props=\"{}\">\u00a0<\/span><\/p>\n<p><span data-ccp-props=\"{}\">\u00a0<\/span><\/p>\n<p><span data-ccp-props=\"{}\">\u00a0<\/span><\/p>\n<p><span data-ccp-props=\"{}\">\u00a0<\/span><\/p>\n<p><span data-contrast=\"auto\">\u00a0\u00a0<\/span><span data-ccp-props=\"{}\">\u00a0<\/span><\/p>\n<p><span data-contrast=\"auto\">\u00a0\u00a0\u00a0\u00a0<\/span><span data-ccp-props=\"{}\">\u00a0<\/span><\/p>\n","protected":false},"excerpt":{"rendered":"<p>Dokumenty: Z\u00e1kladn\u00ed: S\u030cVP 2020\/2021 \u0160koln\u00ed \u0159\u00e1d T. 2024-25 Stravov\u00e1n\u00ed: Informace o alergenech &#8211; \u0160J \u010cakovice2 2025-2026 Vnit\u0159n\u00ed \u0159\u00e1d \u0160J od 1.9.2025 &nbsp; www.elektronickypredzapis.cz\/materska-skola\/cakovice2 \u00a0 \u00a0 \u00a0 \u00a0 \u00a0 \u00a0 \u00a0 \u00a0 \u00a0 \u00a0 \u00a0 \u00a0 \u00a0 \u00a0 \u00a0\u00a0\u00a0 \u00a0\u00a0\u00a0\u00a0\u00a0<\/p>\n","protected":false},"author":3,"featured_media":0,"parent":0,"menu_order":0,"comment_status":"closed","ping_status":"closed","template":"","meta":[],"_links":{"self":[{"href":"https:\/\/mscakovice2.cz\/treboradice\/wp-json\/wp\/v2\/pages\/59"}],"collection":[{"href":"https:\/\/mscakovice2.cz\/treboradice\/wp-json\/wp\/v2\/pages"}],"about":[{"href":"https:\/\/mscakovice2.cz\/treboradice\/wp-json\/wp\/v2\/types\/page"}],"author":[{"embeddable":true,"href":"https:\/\/mscakovice2.cz\/treboradice\/wp-json\/wp\/v2\/users\/3"}],"replies":[{"embeddable":true,"href":"https:\/\/mscakovice2.cz\/treboradice\/wp-json\/wp\/v2\/comments?post=59"}],"version-history":[{"count":12,"href":"https:\/\/mscakovice2.cz\/treboradice\/wp-json\/wp\/v2\/pages\/59\/revisions"}],"predecessor-version":[{"id":1091,"href":"https:\/\/mscakovice2.cz\/treboradice\/wp-json\/wp\/v2\/pages\/59\/revisions\/1091"}],"wp:attachment":[{"href":"https:\/\/mscakovice2.cz\/treboradice\/wp-json\/wp\/v2\/media?parent=59"}],"curies":[{"name":"wp","href":"https:\/\/api.w.org\/{rel}","templated":true}]}}