{"id":46,"date":"2021-04-12T11:43:49","date_gmt":"2021-04-12T09:43:49","guid":{"rendered":"https:\/\/mscakovice2.cz\/treboradice\/?page_id=46"},"modified":"2026-04-30T11:56:16","modified_gmt":"2026-04-30T09:56:16","slug":"46-2","status":"publish","type":"page","link":"https:\/\/mscakovice2.cz\/treboradice\/46-2\/","title":{"rendered":"Stravov\u00e1n\u00ed"},"content":{"rendered":"<p>&nbsp;<\/p>\n<table style=\"width: 100.77%;border-collapse: collapse;border-style: solid;border-color: #f2c53f;height: 10px\" border=\"1\">\n<tbody>\n<tr style=\"height: 395px\">\n<td style=\"width: 38.3152%;height: 10px\">j\u00eddeln\u00ed l\u00edstek:<\/td>\n<td style=\"width: 61.9581%;height: 10px\">&nbsp;<\/p>\n<p><img loading=\"lazy\" class=\"alignnone size-medium wp-image-2621\" src=\"https:\/\/mscakovice2.cz\/treboradice\/wp-content\/uploads\/sites\/2\/2026\/04\/Jidelni-listek-4.-8.5.2026-380x450.png\" alt=\"\" width=\"380\" height=\"450\" srcset=\"https:\/\/mscakovice2.cz\/treboradice\/wp-content\/uploads\/sites\/2\/2026\/04\/Jidelni-listek-4.-8.5.2026-380x450.png 380w, https:\/\/mscakovice2.cz\/treboradice\/wp-content\/uploads\/sites\/2\/2026\/04\/Jidelni-listek-4.-8.5.2026-127x150.png 127w, https:\/\/mscakovice2.cz\/treboradice\/wp-content\/uploads\/sites\/2\/2026\/04\/Jidelni-listek-4.-8.5.2026.png 700w\" sizes=\"(max-width: 380px) 100vw, 380px\" \/><\/p>\n<p><img loading=\"lazy\" class=\"alignnone size-medium wp-image-2618\" src=\"https:\/\/mscakovice2.cz\/treboradice\/wp-content\/uploads\/sites\/2\/2026\/04\/Jidelni-listek-27.4.-1.5.2026-339x450.png\" alt=\"\" width=\"339\" height=\"450\" srcset=\"https:\/\/mscakovice2.cz\/treboradice\/wp-content\/uploads\/sites\/2\/2026\/04\/Jidelni-listek-27.4.-1.5.2026-339x450.png 339w, https:\/\/mscakovice2.cz\/treboradice\/wp-content\/uploads\/sites\/2\/2026\/04\/Jidelni-listek-27.4.-1.5.2026-679x900.png 679w, https:\/\/mscakovice2.cz\/treboradice\/wp-content\/uploads\/sites\/2\/2026\/04\/Jidelni-listek-27.4.-1.5.2026-113x150.png 113w, https:\/\/mscakovice2.cz\/treboradice\/wp-content\/uploads\/sites\/2\/2026\/04\/Jidelni-listek-27.4.-1.5.2026.png 702w\" sizes=\"(max-width: 339px) 100vw, 339px\" \/><\/p>\n<p><img loading=\"lazy\" class=\"alignnone size-medium wp-image-2616\" src=\"https:\/\/mscakovice2.cz\/treboradice\/wp-content\/uploads\/sites\/2\/2026\/04\/Jidelni-listek-20.-24.4.2026-Treboradice-1-338x450.png\" alt=\"\" width=\"338\" height=\"450\" srcset=\"https:\/\/mscakovice2.cz\/treboradice\/wp-content\/uploads\/sites\/2\/2026\/04\/Jidelni-listek-20.-24.4.2026-Treboradice-1-338x450.png 338w, https:\/\/mscakovice2.cz\/treboradice\/wp-content\/uploads\/sites\/2\/2026\/04\/Jidelni-listek-20.-24.4.2026-Treboradice-1-676x900.png 676w, https:\/\/mscakovice2.cz\/treboradice\/wp-content\/uploads\/sites\/2\/2026\/04\/Jidelni-listek-20.-24.4.2026-Treboradice-1-113x150.png 113w, https:\/\/mscakovice2.cz\/treboradice\/wp-content\/uploads\/sites\/2\/2026\/04\/Jidelni-listek-20.-24.4.2026-Treboradice-1.png 702w\" sizes=\"(max-width: 338px) 100vw, 338px\" \/><\/p>\n<p>&nbsp;<\/td>\n<\/tr>\n<tr>\n<td style=\"width: 38.3152%\"><\/td>\n<td style=\"width: 61.9581%\">\n<h1><\/h1>\n<\/td>\n<\/tr>\n<\/tbody>\n<\/table>\n<h2>Dokumenty<\/h2>\n<p>&nbsp;<\/p>\n<p><strong>Informace ke stravov\u00e1n\u00ed<\/strong>: <a href=\"https:\/\/mscakovice2.cz\/treboradice\/wp-content\/uploads\/sites\/2\/2025\/08\/2025-2026-Vnitrni-rad-SJ-od-1.9.2025.pdf\">2025-2026 Vnit\u0159n\u00ed \u0159\u00e1d \u0160J od 1.9.2025<\/a><\/p>\n<p>Pokyny k platb\u00e1m na rok 2024\/2025 : <a href=\"https:\/\/mscakovice2.cz\/treboradice\/wp-content\/uploads\/sites\/2\/2025\/08\/Pokyny-k-platbam-2025-2026.pdf\">Pokyny k platb\u00e1m 2025-2026<\/a><\/p>\n<p><strong>Informace o alergenech na j\u00eddeln\u00edm l\u00edstku<\/strong>: <a href=\"https:\/\/mscakovice2.cz\/treboradice\/wp-content\/uploads\/sites\/2\/2021\/04\/informace-o-alergenech-na-jidelnim-listku-SJ.pdf\">Informace o alergenech &#8211; \u0160J \u010cakovice 2<\/a><\/p>\n<h2><\/h2>\n<h2>Seznam alergen\u016f:<\/h2>\n<p><img loading=\"lazy\" class=\"alignnone wp-image-49\" src=\"https:\/\/mscakovice2.cz\/treboradice\/wp-content\/uploads\/sites\/2\/2021\/04\/alergeny-214x300.jpeg\" alt=\"\" width=\"413\" height=\"579\" srcset=\"https:\/\/mscakovice2.cz\/treboradice\/wp-content\/uploads\/sites\/2\/2021\/04\/alergeny-214x300.jpeg 214w, https:\/\/mscakovice2.cz\/treboradice\/wp-content\/uploads\/sites\/2\/2021\/04\/alergeny-729x1024.jpeg 729w, https:\/\/mscakovice2.cz\/treboradice\/wp-content\/uploads\/sites\/2\/2021\/04\/alergeny.jpeg 744w\" sizes=\"(max-width: 413px) 100vw, 413px\" \/><\/p>\n<p>&nbsp;<\/p>\n","protected":false},"excerpt":{"rendered":"<p>&nbsp; j\u00eddeln\u00ed l\u00edstek: &nbsp; &nbsp; Dokumenty &nbsp; Informace ke stravov\u00e1n\u00ed: 2025-2026 Vnit\u0159n\u00ed \u0159\u00e1d \u0160J od 1.9.2025 Pokyny k platb\u00e1m na rok 2024\/2025 : Pokyny k platb\u00e1m 2025-2026 Informace o alergenech na j\u00eddeln\u00edm l\u00edstku: Informace o alergenech &#8211; \u0160J \u010cakovice 2 Seznam alergen\u016f: &nbsp;<\/p>\n","protected":false},"author":3,"featured_media":0,"parent":0,"menu_order":0,"comment_status":"closed","ping_status":"closed","template":"","meta":[],"_links":{"self":[{"href":"https:\/\/mscakovice2.cz\/treboradice\/wp-json\/wp\/v2\/pages\/46"}],"collection":[{"href":"https:\/\/mscakovice2.cz\/treboradice\/wp-json\/wp\/v2\/pages"}],"about":[{"href":"https:\/\/mscakovice2.cz\/treboradice\/wp-json\/wp\/v2\/types\/page"}],"author":[{"embeddable":true,"href":"https:\/\/mscakovice2.cz\/treboradice\/wp-json\/wp\/v2\/users\/3"}],"replies":[{"embeddable":true,"href":"https:\/\/mscakovice2.cz\/treboradice\/wp-json\/wp\/v2\/comments?post=46"}],"version-history":[{"count":14,"href":"https:\/\/mscakovice2.cz\/treboradice\/wp-json\/wp\/v2\/pages\/46\/revisions"}],"predecessor-version":[{"id":2622,"href":"https:\/\/mscakovice2.cz\/treboradice\/wp-json\/wp\/v2\/pages\/46\/revisions\/2622"}],"wp:attachment":[{"href":"https:\/\/mscakovice2.cz\/treboradice\/wp-json\/wp\/v2\/media?parent=46"}],"curies":[{"name":"wp","href":"https:\/\/api.w.org\/{rel}","templated":true}]}}