{"id":103,"date":"2021-04-19T11:39:19","date_gmt":"2021-04-19T09:39:19","guid":{"rendered":"https:\/\/mscakovice2.cz\/treboradice\/?page_id=103"},"modified":"2021-09-22T11:12:02","modified_gmt":"2021-09-22T09:12:02","slug":"sk-zahrada","status":"publish","type":"page","link":"https:\/\/mscakovice2.cz\/treboradice\/sk-zahrada\/","title":{"rendered":"\u0160koln\u00ed zahrada a jej\u00ed prom\u011bna"},"content":{"rendered":"<h1>\u0160koln\u00ed zahrada<\/h1>\n<p>Na\u0161e \u0161koln\u00ed zahr\u00e1dka pro\u0161la v posledn\u00edch letech p\u0159\u00edmo poh\u00e1dkovou obnovou. My\u0161lenka o jej\u00ed prom\u011bn\u011b vykl\u00ed\u010dila v hlav\u00e1ch n\u011bkter\u00fdch rodi\u010d\u016f a zam\u011bstnanc\u016f \u0161koly ji\u017e v roce 2015\/16. Velk\u00fd d\u00edk pat\u0159\u00ed pan\u00ed Lence Kubcov\u00e9, kter\u00e1 n\u00e1s v\u0161echny velice inspirovala a po celou dobu p\u0159\u00edprav a prom\u011bny n\u00e1m byla velkou oporou a r\u00e1dkyn\u00ed. P\u0159i realizaci a \u00fadr\u017eb\u011b zahrady n\u00e1m velice pom\u00e1hal a st\u00e1le pom\u00e1h\u00e1 pan Petr Nov\u00e1k. Bez jejich pomoci a pomoci v\u0161ech rodi\u010d\u016f by na\u0161e zahrada nebyla tak kr\u00e1sn\u00e1 jako dnes. D\u011bkujeme.<\/p>\n<p>D\u00edky obrovsk\u00e9mu nasazen\u00ed a velk\u00e9 podpo\u0159e v\u0161ech z\u00fa\u010dastn\u011bn\u00fdch se n\u00e1m povedlo z\u00edskat grant z Nadace Prom\u011bny Karla Kom\u00e1rka, dotaci z Magistr\u00e1tu HMP, velkou \u010d\u00e1st finan\u010dn\u00edch prost\u0159edk\u016f tak\u00e9 p\u0159isp\u011bla M\u010c \u010cakovice. Nemalou \u010d\u00e1stku se n\u00e1m poda\u0159ilo z\u00edskat od drobn\u00fdch sponzor\u016f. Do prac\u00ed na zahrad\u011b se zapojila spousta rodi\u010d\u016f i v\u0161ichni zam\u011bstnanci \u0161kolky. D\u00edky tomu vznikla kolem projektu b\u00e1je\u010dn\u00e1 parta lid\u00ed a radostn\u00e1 atmosf\u00e9ra, kter\u00e1 se p\u0159en\u00e1\u0161\u00ed do dne\u0161n\u00edch dn\u016f. Z na\u0161\u00ed zahr\u00e1dky vznikl komunitn\u00ed prostor, kter\u00fd je otev\u0159en v\u0161em rodi\u010d\u016fm z na\u0161\u00ed \u0161kolky. Pom\u00e1haj\u00ed n\u00e1m s p\u00e9\u010d\u00ed o zahr\u00e1dku a ta se jim odvd\u011b\u010d\u00ed svou otev\u0159enou n\u00e1ru\u010d\u00ed. V\u017edy je v\u0161e p\u0159edem domluveno a d\u011bti i rodi\u010de dodr\u017euj\u00ed dohodnut\u00e1 pravidla.<\/p>\n<p>Architektonick\u00e9ho zpracov\u00e1n\u00ed projektu se ujala pan\u00ed Ing. Veronika Ho\u0159\u00e1kov\u00e1 a pan Ing. Martin \u010cern\u00fd, Dis., kte\u0159\u00ed vysly\u0161eli p\u0159\u00e1n\u00ed n\u00e1s a na\u0161ich d\u011bt\u00ed. Cht\u011bli jsme, aby zahrada nab\u00eddla pestrou skladbu biotop\u016f typick\u00fdch pro \u010deskou krajinu, aby nab\u00eddla m\u00edsto pro spont\u00e1nn\u00ed hru, environment\u00e1ln\u00ed v\u00fdchovu a vzd\u011bl\u00e1v\u00e1n\u00ed i m\u00edsto pro mezigenera\u010dn\u00ed setk\u00e1v\u00e1n\u00ed.\u00a0 A tak vznikl projekt s n\u00e1zvem &#8222;Na\u0161e krajina&#8220;. Na zahrad\u011b tak m\u016f\u017eete naj\u00edt koutek, kde se nach\u00e1z\u00ed Venkovsk\u00e1 zahr\u00e1dka, les, sad, hory, p\u00edskovna, louka, pole i m\u00edsto pro hr\u00e1tky s vodou.<\/p>\n<p>V roce 2018 byl dokon\u010den projekt a v z\u00e1\u0159\u00ed byla slavnostn\u011b otev\u0159ena zahr\u00e1dka tak, jak vypad\u00e1 dnes. Symbolicky jsme zde zasadili l\u00edpu, kterou n\u00e1m posv\u011btil pan far\u00e1\u0159 Stanislaw G\u00f3ra.<\/p>\n<p>M\u00e1me velkou radost, \u017ee se poda\u0159ilo uskute\u010dnit n\u00e1\u0161 sen o vytvo\u0159en\u00ed zahrady, kter\u00e1 nen\u00ed jen oby\u010dejn\u00fdm h\u0159i\u0161t\u011bm. Je to zahrada hrou- m\u00edsto pro sportov\u00e1n\u00ed, objevov\u00e1n\u00ed, relaxov\u00e1n\u00ed, setk\u00e1v\u00e1n\u00ed, vzd\u011bl\u00e1v\u00e1n\u00ed, ochutn\u00e1v\u00e1n\u00ed, kut\u00e1n\u00ed, environment\u00e1ln\u00ed v\u00fdchovu&#8230;prost\u011b je to na\u0161e poh\u00e1dkov\u00e1 zahrada.<\/p>\n<p>Zde se m\u016f\u017eete pod\u00edvat, jak d\u011bti nat\u00e1\u010dely video pro Nadaci Prom\u011bny Karla Kom\u00e1rka, kde jsme se pokou\u0161eli \u00fasp\u011b\u0161n\u011b z\u00edskat grant na projekt nazvan\u00fd Zahrada hrou.<\/p>\n<p><iframe loading=\"lazy\" title=\"P\u0159\u00edb\u011bh o prom\u011bn\u011b zahr\u00e1dky M\u0160 T\u0159eboradice\" width=\"500\" height=\"281\" src=\"https:\/\/www.youtube.com\/embed\/cLEerzDmEJU?feature=oembed\" frameborder=\"0\" allow=\"accelerometer; autoplay; clipboard-write; encrypted-media; gyroscope; picture-in-picture\" allowfullscreen><\/iframe><\/p>\n<p>Dal\u0161\u00ed video nato\u010dily d\u011bti spolu s v\u00edlami a sk\u0159\u00edtky pro obhajobu projektu prom\u011bny na\u0161\u00ed \u0161koln\u00ed zahrady s n\u00e1zvem Na\u0161e krajina.<\/p>\n<p><iframe loading=\"lazy\" title=\"jak se skritkove a vily chteli nastehovat\" width=\"500\" height=\"281\" src=\"https:\/\/www.youtube.com\/embed\/AlIu4qGImhA?feature=oembed\" frameborder=\"0\" allow=\"accelerometer; autoplay; clipboard-write; encrypted-media; gyroscope; picture-in-picture\" allowfullscreen><\/iframe><\/p>\n<p>Na prom\u011bn\u011b zahr\u00e1dky se pod\u00edleli v\u0161ichni nad\u0161en\u00ed zam\u011bstnanci \u0161kolky, d\u011bti a jejich b\u00e1je\u010dn\u00ed rodi\u010de!!!<\/p>\n<p><iframe loading=\"lazy\" title=\"\u0160kolka T\u0159eboradice\" width=\"500\" height=\"375\" src=\"https:\/\/www.youtube.com\/embed\/IruTsI-ib08?feature=oembed\" frameborder=\"0\" allow=\"accelerometer; autoplay; clipboard-write; encrypted-media; gyroscope; picture-in-picture\" allowfullscreen><\/iframe><\/p>\n","protected":false},"excerpt":{"rendered":"<p>\u0160koln\u00ed zahrada Na\u0161e \u0161koln\u00ed zahr\u00e1dka pro\u0161la v posledn\u00edch letech p\u0159\u00edmo poh\u00e1dkovou obnovou. My\u0161lenka o jej\u00ed prom\u011bn\u011b vykl\u00ed\u010dila v hlav\u00e1ch n\u011bkter\u00fdch rodi\u010d\u016f a zam\u011bstnanc\u016f \u0161koly ji\u017e v roce 2015\/16. Velk\u00fd d\u00edk pat\u0159\u00ed pan\u00ed Lence Kubcov\u00e9, kter\u00e1 n\u00e1s v\u0161echny velice inspirovala a po celou dobu p\u0159\u00edprav a prom\u011bny n\u00e1m byla velkou oporou a r\u00e1dkyn\u00ed. P\u0159i realizaci a [&hellip;]<\/p>\n","protected":false},"author":3,"featured_media":0,"parent":0,"menu_order":0,"comment_status":"closed","ping_status":"closed","template":"","meta":[],"_links":{"self":[{"href":"https:\/\/mscakovice2.cz\/treboradice\/wp-json\/wp\/v2\/pages\/103"}],"collection":[{"href":"https:\/\/mscakovice2.cz\/treboradice\/wp-json\/wp\/v2\/pages"}],"about":[{"href":"https:\/\/mscakovice2.cz\/treboradice\/wp-json\/wp\/v2\/types\/page"}],"author":[{"embeddable":true,"href":"https:\/\/mscakovice2.cz\/treboradice\/wp-json\/wp\/v2\/users\/3"}],"replies":[{"embeddable":true,"href":"https:\/\/mscakovice2.cz\/treboradice\/wp-json\/wp\/v2\/comments?post=103"}],"version-history":[{"count":14,"href":"https:\/\/mscakovice2.cz\/treboradice\/wp-json\/wp\/v2\/pages\/103\/revisions"}],"predecessor-version":[{"id":703,"href":"https:\/\/mscakovice2.cz\/treboradice\/wp-json\/wp\/v2\/pages\/103\/revisions\/703"}],"wp:attachment":[{"href":"https:\/\/mscakovice2.cz\/treboradice\/wp-json\/wp\/v2\/media?parent=103"}],"curies":[{"name":"wp","href":"https:\/\/api.w.org\/{rel}","templated":true}]}}