{"id":62,"date":"2021-04-12T13:20:54","date_gmt":"2021-04-12T11:20:54","guid":{"rendered":"https:\/\/mscakovice2.cz\/miskovice\/?page_id=62"},"modified":"2021-11-27T11:13:58","modified_gmt":"2021-11-27T10:13:58","slug":"galerie","status":"publish","type":"page","link":"https:\/\/mscakovice2.cz\/miskovice\/galerie\/","title":{"rendered":"Jak to u n\u00e1s vypad\u00e1"},"content":{"rendered":"<h1>Jak to u n\u00e1s vypad\u00e1?<\/h1>\n<div id=\"gallery-62\" class=\"gallery\"><div class=\"gallery-item\"><a href='https:\/\/mscakovice2.cz\/miskovice\/galerie\/1b90ec23-4e08-43b0-b9fb-717490f1f69d-2\/'><img width=\"150\" height=\"101\" src=\"https:\/\/mscakovice2.cz\/miskovice\/wp-content\/uploads\/sites\/3\/2021\/11\/1B90EC23-4E08-43B0-B9FB-717490F1F69D-1-150x101.jpeg\" class=\"attachment-thumbnail size-thumbnail\" alt=\"\" loading=\"lazy\" srcset=\"https:\/\/mscakovice2.cz\/miskovice\/wp-content\/uploads\/sites\/3\/2021\/11\/1B90EC23-4E08-43B0-B9FB-717490F1F69D-1-150x101.jpeg 150w, https:\/\/mscakovice2.cz\/miskovice\/wp-content\/uploads\/sites\/3\/2021\/11\/1B90EC23-4E08-43B0-B9FB-717490F1F69D-1-450x302.jpeg 450w, https:\/\/mscakovice2.cz\/miskovice\/wp-content\/uploads\/sites\/3\/2021\/11\/1B90EC23-4E08-43B0-B9FB-717490F1F69D-1-900x600.jpeg 900w, https:\/\/mscakovice2.cz\/miskovice\/wp-content\/uploads\/sites\/3\/2021\/11\/1B90EC23-4E08-43B0-B9FB-717490F1F69D-1-768x515.jpeg 768w, https:\/\/mscakovice2.cz\/miskovice\/wp-content\/uploads\/sites\/3\/2021\/11\/1B90EC23-4E08-43B0-B9FB-717490F1F69D-1.jpeg 1000w\" sizes=\"(max-width: 150px) 100vw, 150px\" \/><\/a><span class=\"gallery-item-caption\">1B90EC23-4E08-43B0-B9FB-717490F1F69D<\/span><\/figure><\/div><div class=\"gallery-item\"><a href='https:\/\/mscakovice2.cz\/miskovice\/galerie\/591ebeb3-a465-4bec-84af-1d9b3b5ec44d-3\/'><img width=\"150\" height=\"93\" src=\"https:\/\/mscakovice2.cz\/miskovice\/wp-content\/uploads\/sites\/3\/2021\/11\/591EBEB3-A465-4BEC-84AF-1D9B3B5EC44D-1-150x93.jpeg\" class=\"attachment-thumbnail size-thumbnail\" alt=\"\" loading=\"lazy\" srcset=\"https:\/\/mscakovice2.cz\/miskovice\/wp-content\/uploads\/sites\/3\/2021\/11\/591EBEB3-A465-4BEC-84AF-1D9B3B5EC44D-1-150x93.jpeg 150w, https:\/\/mscakovice2.cz\/miskovice\/wp-content\/uploads\/sites\/3\/2021\/11\/591EBEB3-A465-4BEC-84AF-1D9B3B5EC44D-1-450x279.jpeg 450w, https:\/\/mscakovice2.cz\/miskovice\/wp-content\/uploads\/sites\/3\/2021\/11\/591EBEB3-A465-4BEC-84AF-1D9B3B5EC44D-1-900x559.jpeg 900w, https:\/\/mscakovice2.cz\/miskovice\/wp-content\/uploads\/sites\/3\/2021\/11\/591EBEB3-A465-4BEC-84AF-1D9B3B5EC44D-1-768x477.jpeg 768w, https:\/\/mscakovice2.cz\/miskovice\/wp-content\/uploads\/sites\/3\/2021\/11\/591EBEB3-A465-4BEC-84AF-1D9B3B5EC44D-1.jpeg 1000w\" sizes=\"(max-width: 150px) 100vw, 150px\" \/><\/a><span class=\"gallery-item-caption\">591EBEB3-A465-4BEC-84AF-1D9B3B5EC44D<\/span><\/figure><\/div><\/div>\n","protected":false},"excerpt":{"rendered":"<p>Jak to u n\u00e1s vypad\u00e1?<\/p>\n","protected":false},"author":3,"featured_media":0,"parent":0,"menu_order":0,"comment_status":"closed","ping_status":"closed","template":"","meta":[],"_links":{"self":[{"href":"https:\/\/mscakovice2.cz\/miskovice\/wp-json\/wp\/v2\/pages\/62"}],"collection":[{"href":"https:\/\/mscakovice2.cz\/miskovice\/wp-json\/wp\/v2\/pages"}],"about":[{"href":"https:\/\/mscakovice2.cz\/miskovice\/wp-json\/wp\/v2\/types\/page"}],"author":[{"embeddable":true,"href":"https:\/\/mscakovice2.cz\/miskovice\/wp-json\/wp\/v2\/users\/3"}],"replies":[{"embeddable":true,"href":"https:\/\/mscakovice2.cz\/miskovice\/wp-json\/wp\/v2\/comments?post=62"}],"version-history":[{"count":3,"href":"https:\/\/mscakovice2.cz\/miskovice\/wp-json\/wp\/v2\/pages\/62\/revisions"}],"predecessor-version":[{"id":833,"href":"https:\/\/mscakovice2.cz\/miskovice\/wp-json\/wp\/v2\/pages\/62\/revisions\/833"}],"wp:attachment":[{"href":"https:\/\/mscakovice2.cz\/miskovice\/wp-json\/wp\/v2\/media?parent=62"}],"curies":[{"name":"wp","href":"https:\/\/api.w.org\/{rel}","templated":true}]}}