{"id":49,"date":"2021-04-12T13:15:41","date_gmt":"2021-04-12T11:15:41","guid":{"rendered":"https:\/\/mscakovice2.cz\/miskovice\/?page_id=49"},"modified":"2026-04-30T11:56:41","modified_gmt":"2026-04-30T09:56:41","slug":"stravovani","status":"publish","type":"page","link":"https:\/\/mscakovice2.cz\/miskovice\/stravovani\/","title":{"rendered":"Stravov\u00e1n\u00ed"},"content":{"rendered":"<h1>Stravov\u00e1n\u00ed<\/h1>\n<table style=\"border-collapse: collapse;width: 100%;height: 23px\">\n<tbody>\n<tr style=\"height: 23px\">\n<td style=\"width: 50%;height: 23px\">J\u00eddeln\u00ed l\u00edstek:<\/td>\n<td style=\"width: 50%;height: 23px\">&nbsp;<\/p>\n<p><img loading=\"lazy\" class=\"alignnone size-medium wp-image-1768\" src=\"https:\/\/mscakovice2.cz\/miskovice\/wp-content\/uploads\/sites\/3\/2026\/04\/Jidelni-listek-4.-8.5.2026-380x450.png\" alt=\"\" width=\"380\" height=\"450\" srcset=\"https:\/\/mscakovice2.cz\/miskovice\/wp-content\/uploads\/sites\/3\/2026\/04\/Jidelni-listek-4.-8.5.2026-380x450.png 380w, https:\/\/mscakovice2.cz\/miskovice\/wp-content\/uploads\/sites\/3\/2026\/04\/Jidelni-listek-4.-8.5.2026-127x150.png 127w, https:\/\/mscakovice2.cz\/miskovice\/wp-content\/uploads\/sites\/3\/2026\/04\/Jidelni-listek-4.-8.5.2026.png 700w\" sizes=\"(max-width: 380px) 100vw, 380px\" \/><\/p>\n<p><img loading=\"lazy\" class=\"alignnone size-medium wp-image-1765\" src=\"https:\/\/mscakovice2.cz\/miskovice\/wp-content\/uploads\/sites\/3\/2026\/04\/Jidelni-listek-27.4.-1.5.2026-339x450.png\" alt=\"\" width=\"339\" height=\"450\" srcset=\"https:\/\/mscakovice2.cz\/miskovice\/wp-content\/uploads\/sites\/3\/2026\/04\/Jidelni-listek-27.4.-1.5.2026-339x450.png 339w, https:\/\/mscakovice2.cz\/miskovice\/wp-content\/uploads\/sites\/3\/2026\/04\/Jidelni-listek-27.4.-1.5.2026-679x900.png 679w, https:\/\/mscakovice2.cz\/miskovice\/wp-content\/uploads\/sites\/3\/2026\/04\/Jidelni-listek-27.4.-1.5.2026-113x150.png 113w, https:\/\/mscakovice2.cz\/miskovice\/wp-content\/uploads\/sites\/3\/2026\/04\/Jidelni-listek-27.4.-1.5.2026.png 702w\" sizes=\"(max-width: 339px) 100vw, 339px\" \/><\/p>\n<p><img loading=\"lazy\" class=\"alignnone size-medium wp-image-1763\" src=\"https:\/\/mscakovice2.cz\/miskovice\/wp-content\/uploads\/sites\/3\/2026\/04\/Jidelni-listek-20.-24.4.2026-Miskovice-336x450.png\" alt=\"\" width=\"336\" height=\"450\" srcset=\"https:\/\/mscakovice2.cz\/miskovice\/wp-content\/uploads\/sites\/3\/2026\/04\/Jidelni-listek-20.-24.4.2026-Miskovice-336x450.png 336w, https:\/\/mscakovice2.cz\/miskovice\/wp-content\/uploads\/sites\/3\/2026\/04\/Jidelni-listek-20.-24.4.2026-Miskovice-671x900.png 671w, https:\/\/mscakovice2.cz\/miskovice\/wp-content\/uploads\/sites\/3\/2026\/04\/Jidelni-listek-20.-24.4.2026-Miskovice-112x150.png 112w, https:\/\/mscakovice2.cz\/miskovice\/wp-content\/uploads\/sites\/3\/2026\/04\/Jidelni-listek-20.-24.4.2026-Miskovice.png 699w\" sizes=\"(max-width: 336px) 100vw, 336px\" \/><\/p>\n<p>&nbsp;<\/td>\n<\/tr>\n<\/tbody>\n<\/table>\n<p>&nbsp;<\/p>\n<p><span style=\"font-size: 24pt\">Dokumenty \u0161koln\u00ed j\u00eddelny<\/span><\/p>\n<p><strong>Informace ke stravov\u00e1n\u00ed:\u00a0 <a href=\"https:\/\/mscakovice2.cz\/miskovice\/wp-content\/uploads\/sites\/3\/2025\/08\/2025-2026-Vnitrni-rad-SJ-od-1.9.2025.pdf\">2025-2026 Vnit\u0159n\u00ed \u0159\u00e1d \u0160J od 1.9.2025<\/a><\/strong><\/p>\n<p>Pokyny k platb\u00e1m na \u0161koln\u00ed rok 2025\/2026 : <a href=\"https:\/\/mscakovice2.cz\/miskovice\/wp-content\/uploads\/sites\/3\/2025\/08\/Pokyny-k-platbam-2025-2026.pdf\">Pokyny k platb\u00e1m 2025-2026<\/a><\/p>\n<p><strong>Informace o alergenech na j\u00eddeln\u00edm l\u00edstku<\/strong>:<a href=\"https:\/\/mscakovice2.cz\/miskovice\/wp-content\/uploads\/sites\/3\/2021\/05\/informace-o-alergenech-na-jidelnim-listku-SJ.pdf\"> Informace o alergenech \u2013 \u0160J \u010cakovice 2<\/a><\/p>\n<p><a href=\"https:\/\/mscakovice2.cz\/miskovice\/wp-content\/uploads\/sites\/3\/2022\/09\/seznam-alergenu.pdf\">seznam alergen\u016f<\/a><\/p>\n<p>&nbsp;<\/p>\n<h2>Alergeny:<\/h2>\n<p><img loading=\"lazy\" class=\"alignnone wp-image-50\" src=\"https:\/\/mscakovice2.cz\/miskovice\/wp-content\/uploads\/sites\/3\/2021\/04\/alergeny-214x300.jpeg\" alt=\"\" width=\"373\" height=\"523\" srcset=\"https:\/\/mscakovice2.cz\/miskovice\/wp-content\/uploads\/sites\/3\/2021\/04\/alergeny-214x300.jpeg 214w, https:\/\/mscakovice2.cz\/miskovice\/wp-content\/uploads\/sites\/3\/2021\/04\/alergeny-729x1024.jpeg 729w, https:\/\/mscakovice2.cz\/miskovice\/wp-content\/uploads\/sites\/3\/2021\/04\/alergeny.jpeg 744w\" sizes=\"(max-width: 373px) 100vw, 373px\" \/><\/p>\n<p>&nbsp;<\/p>\n","protected":false},"excerpt":{"rendered":"<p>Stravov\u00e1n\u00ed J\u00eddeln\u00ed l\u00edstek: &nbsp; &nbsp; &nbsp; Dokumenty \u0161koln\u00ed j\u00eddelny Informace ke stravov\u00e1n\u00ed:\u00a0 2025-2026 Vnit\u0159n\u00ed \u0159\u00e1d \u0160J od 1.9.2025 Pokyny k platb\u00e1m na \u0161koln\u00ed rok 2025\/2026 : Pokyny k platb\u00e1m 2025-2026 Informace o alergenech na j\u00eddeln\u00edm l\u00edstku: Informace o alergenech \u2013 \u0160J \u010cakovice 2 seznam alergen\u016f &nbsp; Alergeny: &nbsp;<\/p>\n","protected":false},"author":3,"featured_media":0,"parent":0,"menu_order":0,"comment_status":"closed","ping_status":"closed","template":"","meta":[],"_links":{"self":[{"href":"https:\/\/mscakovice2.cz\/miskovice\/wp-json\/wp\/v2\/pages\/49"}],"collection":[{"href":"https:\/\/mscakovice2.cz\/miskovice\/wp-json\/wp\/v2\/pages"}],"about":[{"href":"https:\/\/mscakovice2.cz\/miskovice\/wp-json\/wp\/v2\/types\/page"}],"author":[{"embeddable":true,"href":"https:\/\/mscakovice2.cz\/miskovice\/wp-json\/wp\/v2\/users\/3"}],"replies":[{"embeddable":true,"href":"https:\/\/mscakovice2.cz\/miskovice\/wp-json\/wp\/v2\/comments?post=49"}],"version-history":[{"count":13,"href":"https:\/\/mscakovice2.cz\/miskovice\/wp-json\/wp\/v2\/pages\/49\/revisions"}],"predecessor-version":[{"id":1769,"href":"https:\/\/mscakovice2.cz\/miskovice\/wp-json\/wp\/v2\/pages\/49\/revisions\/1769"}],"wp:attachment":[{"href":"https:\/\/mscakovice2.cz\/miskovice\/wp-json\/wp\/v2\/media?parent=49"}],"curies":[{"name":"wp","href":"https:\/\/api.w.org\/{rel}","templated":true}]}}