{"id":46,"date":"2021-04-12T13:12:46","date_gmt":"2021-04-12T11:12:46","guid":{"rendered":"https:\/\/mscakovice2.cz\/miskovice\/?page_id=46"},"modified":"2025-03-31T11:45:00","modified_gmt":"2025-03-31T09:45:00","slug":"uredni-deska","status":"publish","type":"page","link":"https:\/\/mscakovice2.cz\/miskovice\/uredni-deska\/","title":{"rendered":"\u00da\u0159edn\u00ed deska"},"content":{"rendered":"<h1><span style=\"font-size: 18pt\"><a href=\"https:\/\/mscakovice2.cz\/miskovice\/wp-content\/uploads\/sites\/3\/2021\/10\/Navrh-provozniho-rozpoctu-na-rok-2022.pdf\">\u00da\u0159edn\u00ed deska<\/a><\/span><\/h1>\n<p><a href=\"https:\/\/mscakovice2.cz\/miskovice\/wp-content\/uploads\/sites\/3\/2025\/03\/Provozni-rozpocet-na-r_2025-uverejneni-1.pdf\">Provozn\u00ed rozpo\u010det na r_2025 &#8211; uve\u0159ejn\u011bn\u00ed (1)<\/a><\/p>\n<p><a href=\"https:\/\/mscakovice2.cz\/miskovice\/wp-content\/uploads\/sites\/3\/2025\/03\/Strednedoby-vyhled-rozpoctu_25-27-uverejneni.pdf\">St\u0159edn\u011bdob\u00fd v\u00fdhled rozpo\u010dtu_25-27-uve\u0159ejn\u011bn\u00ed<\/a><\/p>\n<p>&nbsp;<\/p>\n<h1><span style=\"font-size: 18pt\">Projekty a\u00a0dotace<\/span><\/h1>\n<p>P\u0159ehled grant\u016f a\u00a0dotac\u00ed v\u00a0M\u0160 \u010cakovice II:<\/p>\n<p><strong>A) Revitalizace \u0161koln\u00ed zahrady ( n\u00e1zev projektu\u201c Na\u0161e krajina\u201c) \u2013 \u010derp\u00e1ny 2\u00a0granty-<\/strong><\/p>\n<p>1)Grantov\u00e1 v\u00fdzva 2015=poskytovatel Nadace Karla Kom\u00e1rka Prom\u011bny,<br \/>\nn\u00e1zev Na\u0161e krajina<br \/>\nrealizace 2016-2018,<br \/>\n\u010derp\u00e1no 800\u00a0000,- K\u010d<br \/>\ncelkov\u00e9 n\u00e1klady 2,4\u00a0mil. K\u010d<\/p>\n<p><strong>2) Grant na\u00a0podporu projekt\u016f ke\u00a0zlep\u0161en\u00ed \u017eivotn\u00edho prost\u0159ed\u00ed hl.m. Praha=poskytovatel OCP<\/strong><br \/>\nMHMP<br \/>\nn\u00e1zev Na\u0161e krajina-louka, pole, sad a\u00a0zahr\u00e1dka<br \/>\nrealizace 2018<br \/>\n\u010derp\u00e1no 240\u00a0000,- K\u010d<\/p>\n<p><strong>B)\u0160ablony II-n\u00e1zev \u201e Tady roste radost\u201c, Opera\u010dn\u00ed program V\u00fdzkum, v\u00fdvoj a\u00a0vzd\u011bl\u00e1v\u00e1n\u00ed, reg. \u010d\u00edslo: CZ.02.3.68\/0.0\/0.0\/18_064\/0015513<\/strong><br \/>\n\u010derp\u00e1me 563\u00a0976,-K\u010d<br \/>\n\u010derp\u00e1n\u00ed 1.9.2019-31.8.2021<\/p>\n<p><strong>C) \u010cerp\u00e1n\u00ed nada\u010dn\u00ed podpory v programu MHMP<\/strong><br \/>\nN\u00e1zev: Praha kvete<\/p>\n<p><span style=\"color: #800080\"><strong>AKTU\u00c1LN\u011a<\/strong><\/span><\/p>\n<p>D<strong>)Projekt OP JAK \u0160ablony I. \u2013 \u201eM\u00edsto pro\u00a0nov\u00e1 sem\u00ednka\u201c, registra\u010dn\u00ed \u010d.: CZ.02.02.XX\/00\/22_002\/0007691<\/strong><\/p>\n<p>\u010cerp\u00e1n\u00ed na\u00a0odborn\u011b zam\u011b\u0159en\u00e1 tematick\u00e1 a\u00a0komunitn\u00ed setk\u00e1n\u00ed, inovativn\u00ed vzd\u011bl\u00e1v\u00e1n\u00ed d\u011bt\u00ed a\u00a0DVPP<\/p>\n<p>\u010d\u00e1stka dotace: 592\u00a0540,-<\/p>\n<p>term\u00edn realizace: od\u00a01.4.2023 do\u00a030.11.2025<\/p>\n<p><img loading=\"lazy\" class=\"alignnone size-medium wp-image-1396\" src=\"https:\/\/mscakovice2.cz\/miskovice\/wp-content\/uploads\/sites\/3\/2024\/01\/Sablony-321x450.png\" alt=\"\" width=\"321\" height=\"450\" srcset=\"https:\/\/mscakovice2.cz\/miskovice\/wp-content\/uploads\/sites\/3\/2024\/01\/Sablony-321x450.png 321w, https:\/\/mscakovice2.cz\/miskovice\/wp-content\/uploads\/sites\/3\/2024\/01\/Sablony-107x150.png 107w, https:\/\/mscakovice2.cz\/miskovice\/wp-content\/uploads\/sites\/3\/2024\/01\/Sablony.png 593w\" sizes=\"(max-width: 321px) 100vw, 321px\" \/><\/p>\n","protected":false},"excerpt":{"rendered":"<p>\u00da\u0159edn\u00ed deska Provozn\u00ed rozpo\u010det na r_2025 &#8211; uve\u0159ejn\u011bn\u00ed (1) St\u0159edn\u011bdob\u00fd v\u00fdhled rozpo\u010dtu_25-27-uve\u0159ejn\u011bn\u00ed &nbsp; Projekty a\u00a0dotace P\u0159ehled grant\u016f a\u00a0dotac\u00ed v\u00a0M\u0160 \u010cakovice II: A) Revitalizace \u0161koln\u00ed zahrady ( n\u00e1zev projektu\u201c Na\u0161e krajina\u201c) \u2013 \u010derp\u00e1ny 2\u00a0granty- 1)Grantov\u00e1 v\u00fdzva 2015=poskytovatel Nadace Karla Kom\u00e1rka Prom\u011bny, n\u00e1zev Na\u0161e krajina realizace 2016-2018, \u010derp\u00e1no 800\u00a0000,- K\u010d celkov\u00e9 n\u00e1klady 2,4\u00a0mil. K\u010d 2) Grant na\u00a0podporu [&hellip;]<\/p>\n","protected":false},"author":3,"featured_media":0,"parent":0,"menu_order":0,"comment_status":"closed","ping_status":"closed","template":"","meta":[],"_links":{"self":[{"href":"https:\/\/mscakovice2.cz\/miskovice\/wp-json\/wp\/v2\/pages\/46"}],"collection":[{"href":"https:\/\/mscakovice2.cz\/miskovice\/wp-json\/wp\/v2\/pages"}],"about":[{"href":"https:\/\/mscakovice2.cz\/miskovice\/wp-json\/wp\/v2\/types\/page"}],"author":[{"embeddable":true,"href":"https:\/\/mscakovice2.cz\/miskovice\/wp-json\/wp\/v2\/users\/3"}],"replies":[{"embeddable":true,"href":"https:\/\/mscakovice2.cz\/miskovice\/wp-json\/wp\/v2\/comments?post=46"}],"version-history":[{"count":10,"href":"https:\/\/mscakovice2.cz\/miskovice\/wp-json\/wp\/v2\/pages\/46\/revisions"}],"predecessor-version":[{"id":1592,"href":"https:\/\/mscakovice2.cz\/miskovice\/wp-json\/wp\/v2\/pages\/46\/revisions\/1592"}],"wp:attachment":[{"href":"https:\/\/mscakovice2.cz\/miskovice\/wp-json\/wp\/v2\/media?parent=46"}],"curies":[{"name":"wp","href":"https:\/\/api.w.org\/{rel}","templated":true}]}}